{"id":6,"date":"2021-11-05T10:25:03","date_gmt":"2021-11-05T13:25:03","guid":{"rendered":"http:\/\/ambra.com.br\/?page_id=6"},"modified":"2021-11-10T17:19:00","modified_gmt":"2021-11-10T20:19:00","slug":"sobre","status":"publish","type":"page","link":"https:\/\/ambra.com.br\/","title":{"rendered":"Sobre"},"content":{"rendered":"\n<figure class=\"wp-block-image alignfull size-full\"><img loading=\"lazy\" width=\"1559\" height=\"276\" src=\"http:\/\/ambra.com.br\/wp-content\/uploads\/2021\/11\/Sem-titulo.png\" alt=\"\" class=\"wp-image-26\" srcset=\"https:\/\/ambra.com.br\/wp-content\/uploads\/2021\/11\/Sem-titulo.png 1559w, https:\/\/ambra.com.br\/wp-content\/uploads\/2021\/11\/Sem-titulo-300x53.png 300w, https:\/\/ambra.com.br\/wp-content\/uploads\/2021\/11\/Sem-titulo-1024x181.png 1024w, https:\/\/ambra.com.br\/wp-content\/uploads\/2021\/11\/Sem-titulo-768x136.png 768w, https:\/\/ambra.com.br\/wp-content\/uploads\/2021\/11\/Sem-titulo-1536x272.png 1536w\" sizes=\"(max-width: 1559px) 100vw, 1559px\" \/><\/figure>\n\n\n\n<p class=\"has-text-align-center\"><\/p>\n\n\n\n<h1 class=\"has-text-align-center\" id=\"ambra\">AMBRA<\/h1>\n\n\n\n<p class=\"has-text-align-center\"><strong>Ag\u00eancia Mission\u00e1ria Brasil-\u00c1frica<\/strong><\/p>\n\n\n\n<p><\/p>\n\n\n\n<p class=\"has-text-align-center\"><strong><span style=\"text-decoration: underline;\">SEJA BEM-VINDO<\/span><\/strong><\/p>\n\n\n\n<p><strong><br>A AMBRA \u2013 Associa\u00e7\u00e3o Mission\u00e1ria Brasil \u00c1frica \u2013 tem uma vis\u00e3o alternativa de fazer miss\u00f5es no continente africano: Ao inv\u00e9s de enviar mission\u00e1rios brasileiros para l\u00e1, entendemos que \u00e9 mais produtivo trazer casais evang\u00e9licos de l\u00e1 para serem treinados aqui.<\/strong><\/p>\n\n\n\n<p><strong>No per\u00edodo em que ficam no Brasil, al\u00e9m de um treinamento intensivo em v\u00e1rias \u00e1reas, das teol\u00f3gicas \u00e0s a\u00e7\u00f5es sociais, eles tamb\u00e9m s\u00e3o apresentados ao nosso povo, visando a cria\u00e7\u00e3o de la\u00e7os afetivos, com vistas \u00e0 sua ado\u00e7\u00e3o pelas igrejas brasileiras.<\/strong><\/p>\n\n\n\n<p><strong>As vantagens s\u00e3o bem interessantes:<br>\u2013 Vantagem legal (eles n\u00e3o precisam de visto).<br>\u2013 Vantagem econ\u00f4mica (\u00e9 muito mais em conta manter um casal de mission\u00e1rios africanos em sua pr\u00f3pria terra do que um casal de brasileiros).<br>\u2013 Vantagem sanit\u00e1ria (eles j\u00e1 t\u00eam defesas naturais contra as doen\u00e7as t\u00edpicas da regi\u00e3o).<br>\u2013 Vantagem emocional (o apoio estrangeiro constitui-se num excelente fator motivacional).<br>\u2013 Vantagem cultural (eles j\u00e1 conhecem o idioma e os costumes de l\u00e1).<br>\u2013 Vantagem espiritual (o apoio, as ora\u00e7\u00f5es e o acompanhamento da AMBRA e das igrejas, os ajudam a se manterem firmes).<\/strong><\/p>\n\n\n\n<p><strong>Para maiores informa\u00e7\u00f5es, entre em contato com o Pr Lutonda Makiese Costa (africano, residente no Brasil), Presidente da AMBRA<\/strong>, <strong>pelo n\u00famero abaixo.<\/strong><\/p>\n\n\n\n<p class=\"wp-elements-69d4d5d8c4dd1 has-link-color\"><a rel=\"noreferrer noopener\" href=\"https:\/\/umzap.com\/3SkwLzFQPQhETdEuMjjJvT19YYt1JyyNoF06XQOPTXpzNDjbp9\" target=\"_blank\"><strong>WhatsApp +55 (41) 9758-6436<\/strong><\/a><\/p>\n<style>.wp-elements-69d4d5d8c4dd1 a{color: #ee1111 !important;}<\/style>\n","protected":false},"excerpt":{"rendered":"<p>AMBRA Ag\u00eancia Mission\u00e1ria Brasil-\u00c1frica SEJA BEM-VINDO A AMBRA \u2013 Associa\u00e7\u00e3o Mission\u00e1ria Brasil \u00c1frica \u2013 tem uma vis\u00e3o alternativa de fazer miss\u00f5es no continente africano: Ao inv\u00e9s de enviar mission\u00e1rios brasileiros para l\u00e1, entendemos que \u00e9 mais produtivo trazer casais evang\u00e9licos de l\u00e1 para serem treinados aqui. No per\u00edodo em que ficam no Brasil, al\u00e9m de&hellip; <a class=\"more-link\" href=\"https:\/\/ambra.com.br\/\">Continue reading <span class=\"screen-reader-text\">Sobre<\/span><\/a><\/p>\n","protected":false},"author":1,"featured_media":0,"parent":0,"menu_order":0,"comment_status":"closed","ping_status":"closed","template":"","meta":[],"_links":{"self":[{"href":"https:\/\/ambra.com.br\/index.php?rest_route=\/wp\/v2\/pages\/6"}],"collection":[{"href":"https:\/\/ambra.com.br\/index.php?rest_route=\/wp\/v2\/pages"}],"about":[{"href":"https:\/\/ambra.com.br\/index.php?rest_route=\/wp\/v2\/types\/page"}],"author":[{"embeddable":true,"href":"https:\/\/ambra.com.br\/index.php?rest_route=\/wp\/v2\/users\/1"}],"replies":[{"embeddable":true,"href":"https:\/\/ambra.com.br\/index.php?rest_route=%2Fwp%2Fv2%2Fcomments&post=6"}],"version-history":[{"count":14,"href":"https:\/\/ambra.com.br\/index.php?rest_route=\/wp\/v2\/pages\/6\/revisions"}],"predecessor-version":[{"id":59,"href":"https:\/\/ambra.com.br\/index.php?rest_route=\/wp\/v2\/pages\/6\/revisions\/59"}],"wp:attachment":[{"href":"https:\/\/ambra.com.br\/index.php?rest_route=%2Fwp%2Fv2%2Fmedia&parent=6"}],"curies":[{"name":"wp","href":"https:\/\/api.w.org\/{rel}","templated":true}]}}